{"id":1950,"date":"2026-05-06T21:13:21","date_gmt":"2026-05-06T21:13:21","guid":{"rendered":"http:\/\/poke.com.arREMOTE_TARGET\/tienda\/makers-mark-1-lt\/"},"modified":"2026-05-06T21:13:21","modified_gmt":"2026-05-06T21:13:21","slug":"makers-mark-1-lt","status":"publish","type":"product","link":"https:\/\/www.poke.com.ar\/en\/tienda\/makers-mark-1-lt\/","title":{"rendered":"Maker\u2019s Mark 1 lt"},"content":{"rendered":"<p>Maker&#8217;s Mark es conocido por su perfil de sabor suave y accesible.Espere notas de vainilla, caramelo y fruta, con un toque especiado.El uso de trigo rojo de invierno en su pur\u00e9 contribuye a su car\u00e1cter suave y dulce, lo que lo convierte en un bourbon muy f\u00e1cil de beber.El final suele ser largo y agradable, con una dulzura persistente y un toque de roble.<\/p>","protected":false},"excerpt":{"rendered":"<p>Maker&#8217;s Mark es un whisky bourbon premium en lotes peque\u00f1os producido en Loretto, Kentucky.Es \u00fanico entre los bourbons por el uso de trigo rojo de invierno como grano secundario en su pur\u00e9, en lugar del centeno m\u00e1s com\u00fan.Esta elecci\u00f3n de grano contribuye al perfil de sabor suave, dulce y accesible distintivo de Maker&#8217;s Mark.Cada botella se sumerge a mano en su ic\u00f3nica cera roja, una tradici\u00f3n que comenz\u00f3 en 1958. Maker&#8217;s Mark se envejece seg\u00fan el gusto, no durante un per\u00edodo espec\u00edfico, lo que garantiza la consistencia en su calidad y sabor.Es un bourbon querido, c\u00e9lebre por su suavidad y versatilidad en c\u00f3cteles o se disfruta solo.<\/p>","protected":false},"featured_media":1952,"template":"","meta":{"_gspb_post_css":"","_joinchat":[]},"product_brand":[],"product_cat":[133],"product_tag":[],"class_list":{"0":"post-1950","1":"product","2":"type-product","3":"status-publish","4":"has-post-thumbnail","6":"product_cat-bourbon","8":"first","9":"onbackorder","10":"shipping-taxable","11":"purchasable","12":"product-type-simple"},"supplier_id":1951,"supplier_sku":"","barcode":null,"atum_controlled":true,"out_stock_date":null,"out_stock_threshold":null,"inheritable":false,"inbound_stock":null,"stock_on_hold":0,"sold_today":0,"sales_last_days":0,"reserved_stock":null,"customer_returns":null,"warehouse_damage":null,"lost_in_post":null,"other_logs":null,"out_stock_days":0,"lost_sales":0,"has_location":null,"update_date":"2026-05-09T03:42:17","atum_locations":[],"atum_stock_status":"onbackorder","restock_status":false,"low_stock_amount":"","sales_update_date":"2026-05-09T03:42:17","calc_backorders":0,"_links":{"self":[{"href":"https:\/\/www.poke.com.ar\/en\/wp-json\/wp\/v2\/product\/1950","targetHints":{"allow":["GET"]}}],"collection":[{"href":"https:\/\/www.poke.com.ar\/en\/wp-json\/wp\/v2\/product"}],"about":[{"href":"https:\/\/www.poke.com.ar\/en\/wp-json\/wp\/v2\/types\/product"}],"wp:featuredmedia":[{"embeddable":true,"href":"https:\/\/www.poke.com.ar\/en\/wp-json\/wp\/v2\/media\/1952"}],"wp:attachment":[{"href":"https:\/\/www.poke.com.ar\/en\/wp-json\/wp\/v2\/media?parent=1950"}],"wp:term":[{"taxonomy":"product_brand","embeddable":true,"href":"https:\/\/www.poke.com.ar\/en\/wp-json\/wp\/v2\/product_brand?post=1950"},{"taxonomy":"product_cat","embeddable":true,"href":"https:\/\/www.poke.com.ar\/en\/wp-json\/wp\/v2\/product_cat?post=1950"},{"taxonomy":"product_tag","embeddable":true,"href":"https:\/\/www.poke.com.ar\/en\/wp-json\/wp\/v2\/product_tag?post=1950"}],"curies":[{"name":"wp","href":"https:\/\/api.w.org\/{rel}","templated":true}]}}