{"id":1944,"date":"2026-05-06T21:12:32","date_gmt":"2026-05-06T21:12:32","guid":{"rendered":"http:\/\/poke.com.arREMOTE_TARGET\/tienda\/jack-daniels-gentleman-jack-1-lt\/"},"modified":"2026-05-06T21:12:32","modified_gmt":"2026-05-06T21:12:32","slug":"jack-daniels-gentleman-jack-1-lt","status":"publish","type":"product","link":"https:\/\/www.poke.com.ar\/en\/tienda\/jack-daniels-gentleman-jack-1-lt\/","title":{"rendered":"Jack Daniels Gentleman Jack 1 lt"},"content":{"rendered":"<p>Nariz: Especiado con caramelo, roble carbonizado y un toque de an\u00eds.Otras notas incluyen pan de pl\u00e1tano, vainilla, cerezas y frutos negros, miel, galletas Graham, man\u00ed triturado, arroz crudo y sutiles matices florales, herb\u00e1ceos y mentolados.Boca: Regaliz con roble y canela, y un toque de pl\u00e1tano.Descrito como un l\u00edquido de sabor mucho m\u00e1s limpio con sabores profundos y cremosos de cr\u00e8me br\u00fbl\u00e9e, notas de az\u00facar tostada y un sabor a carb\u00f3n extra.Tambi\u00e9n puede encontrar manzana asada, miel, caramelo, madera, pimienta, menta, man\u00ed, nueces de macadamia, gomitas de menta, madera quemada y ma\u00edz.Los sabores dulces a caramelo son prominentes, seguidos de un sabor terroso tostado con carb\u00f3n.Final: T\u00edpicamente tostado y tostado con especias y c\u00edtricos.Generalmente ligero, suave y f\u00e1cil de beber, con un persistente caramelo y roble tostado.Algunos detectan notas de miel, madera carbonizada, menta y leves notas de pl\u00e1tano.En general, se caracteriza por su equilibrado sabor a roble con notas de caramelo y vainilla, y un final excepcionalmente suave.<\/p>","protected":false},"excerpt":{"rendered":"<p>Jack Daniel&#8217;s Gentleman Jack es un whisky de Tennessee conocido por su excepcional suavidad, lograda a trav\u00e9s de un proceso \u00fanico de doble meladura.A diferencia de otros whiskies Jack Daniel&#8217;s, Gentleman Jack se somete a una segunda filtraci\u00f3n a trav\u00e9s de carb\u00f3n de arce azucarero despu\u00e9s del envejecimiento, adem\u00e1s del proceso inicial del condado de Lincoln antes de la maduraci\u00f3n.Este paso extra es lo que le da su car\u00e1cter refinado.Es un destilado \u00fanico y madurado en barricas de roble blanco carbonizadas hechas a mano.El whisky se embotella al 40% ABV (80 grados).Se considera un whisky accesible y f\u00e1cil de beber, adecuado para beber solo, con hielo o en c\u00f3cteles.Se introdujo por primera vez en 1988 y fue el primer producto nuevo lanzado por Jack Daniel&#8217;s en d\u00e9cadas.<\/p>","protected":false},"featured_media":1946,"template":"","meta":{"_gspb_post_css":"","_joinchat":[]},"product_brand":[],"product_cat":[133],"product_tag":[],"class_list":{"0":"post-1944","1":"product","2":"type-product","3":"status-publish","4":"has-post-thumbnail","6":"product_cat-bourbon","8":"first","9":"onbackorder","10":"shipping-taxable","11":"purchasable","12":"product-type-simple"},"supplier_id":1945,"supplier_sku":"","barcode":null,"atum_controlled":true,"out_stock_date":null,"out_stock_threshold":null,"inheritable":false,"inbound_stock":null,"stock_on_hold":0,"sold_today":0,"sales_last_days":0,"reserved_stock":null,"customer_returns":null,"warehouse_damage":null,"lost_in_post":null,"other_logs":null,"out_stock_days":0,"lost_sales":0,"has_location":null,"update_date":"2026-05-09T03:42:17","atum_locations":[],"atum_stock_status":"onbackorder","restock_status":false,"low_stock_amount":"","sales_update_date":"2026-05-09T03:42:17","calc_backorders":0,"_links":{"self":[{"href":"https:\/\/www.poke.com.ar\/en\/wp-json\/wp\/v2\/product\/1944","targetHints":{"allow":["GET"]}}],"collection":[{"href":"https:\/\/www.poke.com.ar\/en\/wp-json\/wp\/v2\/product"}],"about":[{"href":"https:\/\/www.poke.com.ar\/en\/wp-json\/wp\/v2\/types\/product"}],"wp:featuredmedia":[{"embeddable":true,"href":"https:\/\/www.poke.com.ar\/en\/wp-json\/wp\/v2\/media\/1946"}],"wp:attachment":[{"href":"https:\/\/www.poke.com.ar\/en\/wp-json\/wp\/v2\/media?parent=1944"}],"wp:term":[{"taxonomy":"product_brand","embeddable":true,"href":"https:\/\/www.poke.com.ar\/en\/wp-json\/wp\/v2\/product_brand?post=1944"},{"taxonomy":"product_cat","embeddable":true,"href":"https:\/\/www.poke.com.ar\/en\/wp-json\/wp\/v2\/product_cat?post=1944"},{"taxonomy":"product_tag","embeddable":true,"href":"https:\/\/www.poke.com.ar\/en\/wp-json\/wp\/v2\/product_tag?post=1944"}],"curies":[{"name":"wp","href":"https:\/\/api.w.org\/{rel}","templated":true}]}}