{"id":1929,"date":"2026-05-06T21:10:34","date_gmt":"2026-05-06T21:10:34","guid":{"rendered":"http:\/\/poke.com.arREMOTE_TARGET\/tienda\/jack-daniels-apple-1-lt\/"},"modified":"2026-05-06T21:10:34","modified_gmt":"2026-05-06T21:10:34","slug":"jack-daniels-apple-1-lt","status":"publish","type":"product","link":"https:\/\/www.poke.com.ar\/en\/tienda\/jack-daniels-apple-1-lt\/","title":{"rendered":"Jack Daniels Apple 1 lt"},"content":{"rendered":"<p>Vista: Color \u00e1mbar intenso o cobre profundo. Nariz: Una vibrante mezcla de manzana verde fresca y caramelo con toques de roble cl\u00e1sico. Se perciben notas de manzana verde crujiente, caramelo, roble y especias suaves. Algunos lo describen como un \u00abgolpe\u00bb de manzana verde dulce, con un toque de vainilla y caramelo, o como un \u00abJolly Rancher de manzana\u00bb con un matiz de tarta de manzana con canela. Tambi\u00e9n se menciona un olor muy dulce, con az\u00facar mascabado, un poco de canela y una manzana que puede sentirse algo artificial. Paladar: Sabor a manzana verde crujiente que complementa las notas suaves y ahumadas del whisky de Tennessee, con un toque de vainilla y caramelo que a\u00f1ade complejidad. Notas de manzana reci\u00e9n cortada se combinan con caramelo c\u00e1lido y toffee, equilibradas con el matiz cl\u00e1sico del Old No. 7. Predomina la manzana verde, junto con notas cl\u00e1sicas del Old No. 7 como butterscotch, caramelo y vainilla. Se describe como un whisky con sabor a Jolly Ranchers, caramelo, roble tostado, vainilla y un toque de especias. Es bastante dulce, con notas de manzana verde (como Granny Smith) que pueden parecer artificiales, y un picor caracter\u00edstico. Es probablemente el m\u00e1s dulce de los licores de Jack Daniel&#8217;s, con un sabor brillante a manzana verde, un suave calentamiento del whisky de Tennessee y sabores a caramelo y galleta de toffee, con el roble del whisky apareciendo m\u00e1s r\u00e1pidamente. Final: Suave y refrescante con un sabor duradero a manzana dulce y un sutil toque de roble. Breve con un dulzor de manzana acaramelada. Un final suave sin quemaz\u00f3n y con mucho sabor natural a manzana. Medio, con notas de manzana caramelizada. Suave, dulce, con un toque de nostalgia infantil, y un regusto persistente a manzana, caramelo y una ligera sequedad en los lados de la lengua del cl\u00e1sico Old No. 7.<\/p>","protected":false},"excerpt":{"rendered":"<p>Jack Daniel&#8217;s Tennessee Apple es una mezcla \u00fanica del whisky Jack Daniel&#8217;s Tennessee y un licor de manzana verde crujiente. Combina el car\u00e1cter del Jack Daniel&#8217;s Old No. 7, filtrado con carb\u00f3n para mayor suavidad, con un licor de manzana verde fresco y natural. Se describe como audaz, refrescante y excepcionalmente suave. Tiene un contenido de alcohol del 35% ABV. Es vers\u00e1til y se puede disfrutar solo, con hielo o en c\u00f3cteles.<\/p>","protected":false},"featured_media":1931,"template":"","meta":{"_gspb_post_css":"","_joinchat":[]},"product_brand":[],"product_cat":[133],"product_tag":[],"class_list":{"0":"post-1929","1":"product","2":"type-product","3":"status-publish","4":"has-post-thumbnail","6":"product_cat-bourbon","8":"first","9":"onbackorder","10":"shipping-taxable","11":"purchasable","12":"product-type-simple"},"supplier_id":1930,"supplier_sku":"","barcode":null,"atum_controlled":true,"out_stock_date":null,"out_stock_threshold":null,"inheritable":false,"inbound_stock":null,"stock_on_hold":0,"sold_today":0,"sales_last_days":0,"reserved_stock":null,"customer_returns":null,"warehouse_damage":null,"lost_in_post":null,"other_logs":null,"out_stock_days":0,"lost_sales":0,"has_location":null,"update_date":"2026-05-09T03:42:17","atum_locations":[],"atum_stock_status":"onbackorder","restock_status":false,"low_stock_amount":"","sales_update_date":"2026-05-09T03:42:17","calc_backorders":0,"_links":{"self":[{"href":"https:\/\/www.poke.com.ar\/en\/wp-json\/wp\/v2\/product\/1929","targetHints":{"allow":["GET"]}}],"collection":[{"href":"https:\/\/www.poke.com.ar\/en\/wp-json\/wp\/v2\/product"}],"about":[{"href":"https:\/\/www.poke.com.ar\/en\/wp-json\/wp\/v2\/types\/product"}],"wp:featuredmedia":[{"embeddable":true,"href":"https:\/\/www.poke.com.ar\/en\/wp-json\/wp\/v2\/media\/1931"}],"wp:attachment":[{"href":"https:\/\/www.poke.com.ar\/en\/wp-json\/wp\/v2\/media?parent=1929"}],"wp:term":[{"taxonomy":"product_brand","embeddable":true,"href":"https:\/\/www.poke.com.ar\/en\/wp-json\/wp\/v2\/product_brand?post=1929"},{"taxonomy":"product_cat","embeddable":true,"href":"https:\/\/www.poke.com.ar\/en\/wp-json\/wp\/v2\/product_cat?post=1929"},{"taxonomy":"product_tag","embeddable":true,"href":"https:\/\/www.poke.com.ar\/en\/wp-json\/wp\/v2\/product_tag?post=1929"}],"curies":[{"name":"wp","href":"https:\/\/api.w.org\/{rel}","templated":true}]}}