{"id":1926,"date":"2026-05-06T21:10:11","date_gmt":"2026-05-06T21:10:11","guid":{"rendered":"http:\/\/poke.com.arREMOTE_TARGET\/tienda\/jack-daniels-n7-1-75-lt\/"},"modified":"2026-05-06T21:10:11","modified_gmt":"2026-05-06T21:10:11","slug":"jack-daniels-n7-1-75-lt","status":"publish","type":"product","link":"https:\/\/www.poke.com.ar\/en\/tienda\/jack-daniels-n7-1-75-lt\/","title":{"rendered":"Jack Daniels N7 1.75 lt"},"content":{"rendered":"<p>Aroma: Intenso y dulce con notas de vainilla, caramelo, almendra, especias, y licor de pl\u00e1tano. Tambi\u00e9n se perciben matices a frutos secos y especias. Sabor: Suave, ligeramente seco, ahumado y aterciopelado en boca, con un agradable dulzor. Presenta matices de naranja, az\u00facar moreno, especias, roble intenso, manzana seca, caramelo, crema y cereal. Final: Bien redondeado con notas de barrica, persistente, con sabor a roble y suaves matices de cedro.<\/p>","protected":false},"excerpt":{"rendered":"<p>Jack Daniel&#8217;s Old No. 7 es un whiskey americano, espec\u00edficamente un Tennessee Whiskey, elaborado en Lynchburg, Tennessee, desde 1866. Se distingue por su proceso \u00fanico de filtrado gota a gota a trav\u00e9s de tres metros de carb\u00f3n de madera de arce sacarino, conocido como \u00abLincoln County Process\u00bb o \u00abla bendici\u00f3n adicional\u00bb, que le confiere su suavidad caracter\u00edstica. Este whiskey de grano se elabora con un 80% de ma\u00edz, un 12% de centeno y un 8% de malta. Madura en barricas de roble blanco americano hechas a mano y quemadas por dentro, lo que le aporta su color y sabor caracter\u00edsticos. Su perfil suave y equilibrado lo hace ideal para disfrutar solo, con hielo o en combinados.<\/p>","protected":false},"featured_media":1928,"template":"","meta":{"_gspb_post_css":"","_joinchat":[]},"product_brand":[],"product_cat":[133],"product_tag":[],"class_list":{"0":"post-1926","1":"product","2":"type-product","3":"status-publish","4":"has-post-thumbnail","6":"product_cat-bourbon","8":"first","9":"onbackorder","10":"shipping-taxable","11":"purchasable","12":"product-type-simple"},"supplier_id":1927,"supplier_sku":"","barcode":null,"atum_controlled":true,"out_stock_date":null,"out_stock_threshold":null,"inheritable":false,"inbound_stock":null,"stock_on_hold":0,"sold_today":0,"sales_last_days":0,"reserved_stock":null,"customer_returns":null,"warehouse_damage":null,"lost_in_post":null,"other_logs":null,"out_stock_days":0,"lost_sales":0,"has_location":null,"update_date":"2026-05-09T03:42:17","atum_locations":[],"atum_stock_status":"onbackorder","restock_status":false,"low_stock_amount":"","sales_update_date":"2026-05-09T03:42:17","calc_backorders":0,"_links":{"self":[{"href":"https:\/\/www.poke.com.ar\/en\/wp-json\/wp\/v2\/product\/1926","targetHints":{"allow":["GET"]}}],"collection":[{"href":"https:\/\/www.poke.com.ar\/en\/wp-json\/wp\/v2\/product"}],"about":[{"href":"https:\/\/www.poke.com.ar\/en\/wp-json\/wp\/v2\/types\/product"}],"wp:featuredmedia":[{"embeddable":true,"href":"https:\/\/www.poke.com.ar\/en\/wp-json\/wp\/v2\/media\/1928"}],"wp:attachment":[{"href":"https:\/\/www.poke.com.ar\/en\/wp-json\/wp\/v2\/media?parent=1926"}],"wp:term":[{"taxonomy":"product_brand","embeddable":true,"href":"https:\/\/www.poke.com.ar\/en\/wp-json\/wp\/v2\/product_brand?post=1926"},{"taxonomy":"product_cat","embeddable":true,"href":"https:\/\/www.poke.com.ar\/en\/wp-json\/wp\/v2\/product_cat?post=1926"},{"taxonomy":"product_tag","embeddable":true,"href":"https:\/\/www.poke.com.ar\/en\/wp-json\/wp\/v2\/product_tag?post=1926"}],"curies":[{"name":"wp","href":"https:\/\/api.w.org\/{rel}","templated":true}]}}