{"id":1922,"date":"2026-05-06T21:09:44","date_gmt":"2026-05-06T21:09:44","guid":{"rendered":"http:\/\/poke.com.arREMOTE_TARGET\/tienda\/jack-daniels-n7-750-ml-estuche-guitarra\/"},"modified":"2026-05-06T21:09:44","modified_gmt":"2026-05-06T21:09:44","slug":"jack-daniels-n7-750-ml-estuche-guitarra","status":"publish","type":"product","link":"https:\/\/www.poke.com.ar\/en\/tienda\/jack-daniels-n7-750-ml-estuche-guitarra\/","title":{"rendered":"Jack Daniels N7 750 ml Estuche Guitarra"},"content":{"rendered":"<p>Aroma: Se detecta un dulzor distintivo, con notas de caramelo, vainilla y roble tostado. Tambi\u00e9n hay un ligero toque frutal, como de pl\u00e1tano maduro o manzana, y un humo sutil que recuerda a una fogata lejana. Sabor: En boca, es suave y equilibrado. Los sabores dulces de la vainilla y el caramelo se mezclan con notas de madera tostada y un toque de especias. Tiene un cuerpo medio y una calidez que se extiende por el paladar. Maridaje sugerido por P\u00f3ke Su perfil robusto y ligeramente ahumado lo hace el compa\u00f1ero perfecto para costillas, cerdo a la barbacoa o cualquier carne asada. \u00a1Es un maridaje que te hace rugir de placer!<\/p>","protected":false},"excerpt":{"rendered":"<p>Jack Daniels N7 Estuche Guitarra es m\u00e1s que una simple bebida; es el famoso \u00abOld No. 7\u00bb, un Tennessee Whiskey inconfundible, conocido por su proceso de filtrado gota a gota a trav\u00e9s de carb\u00f3n de arce azucarero, lo que le da una suavidad \u00fanica. Este proceso, llamado \u00abCharcoal Mellowing\u00bb o \u00abLincoln County Process\u00bb, es lo que lo distingue de un Bourbon. Y con este estuche de guitarra, \u00a1es el regalo perfecto para cualquier amante del buen whiskey y la buena m\u00fasica! Es robusto, con car\u00e1cter, pero a la vez incre\u00edblemente amigable.<\/p>","protected":false},"featured_media":1925,"template":"","meta":{"_gspb_post_css":"","_joinchat":[]},"product_brand":[],"product_cat":[133],"product_tag":[],"class_list":{"0":"post-1922","1":"product","2":"type-product","3":"status-publish","4":"has-post-thumbnail","6":"product_cat-bourbon","8":"first","9":"onbackorder","10":"shipping-taxable","11":"purchasable","12":"product-type-simple"},"supplier_id":1923,"supplier_sku":"","barcode":null,"atum_controlled":true,"out_stock_date":null,"out_stock_threshold":null,"inheritable":false,"inbound_stock":null,"stock_on_hold":0,"sold_today":0,"sales_last_days":0,"reserved_stock":null,"customer_returns":null,"warehouse_damage":null,"lost_in_post":null,"other_logs":null,"out_stock_days":0,"lost_sales":0,"has_location":null,"update_date":"2026-05-09T03:42:17","atum_locations":[],"atum_stock_status":"onbackorder","restock_status":false,"low_stock_amount":"","sales_update_date":"2026-05-09T03:42:17","calc_backorders":0,"_links":{"self":[{"href":"https:\/\/www.poke.com.ar\/en\/wp-json\/wp\/v2\/product\/1922","targetHints":{"allow":["GET"]}}],"collection":[{"href":"https:\/\/www.poke.com.ar\/en\/wp-json\/wp\/v2\/product"}],"about":[{"href":"https:\/\/www.poke.com.ar\/en\/wp-json\/wp\/v2\/types\/product"}],"wp:featuredmedia":[{"embeddable":true,"href":"https:\/\/www.poke.com.ar\/en\/wp-json\/wp\/v2\/media\/1925"}],"wp:attachment":[{"href":"https:\/\/www.poke.com.ar\/en\/wp-json\/wp\/v2\/media?parent=1922"}],"wp:term":[{"taxonomy":"product_brand","embeddable":true,"href":"https:\/\/www.poke.com.ar\/en\/wp-json\/wp\/v2\/product_brand?post=1922"},{"taxonomy":"product_cat","embeddable":true,"href":"https:\/\/www.poke.com.ar\/en\/wp-json\/wp\/v2\/product_cat?post=1922"},{"taxonomy":"product_tag","embeddable":true,"href":"https:\/\/www.poke.com.ar\/en\/wp-json\/wp\/v2\/product_tag?post=1922"}],"curies":[{"name":"wp","href":"https:\/\/api.w.org\/{rel}","templated":true}]}}