{"id":1914,"date":"2026-05-06T21:08:53","date_gmt":"2026-05-06T21:08:53","guid":{"rendered":"http:\/\/poke.com.arREMOTE_TARGET\/tienda\/bushmills-black-bush-px-sherry-cask-reserve-1-lt\/"},"modified":"2026-05-06T21:08:53","modified_gmt":"2026-05-06T21:08:53","slug":"bushmills-black-bush-px-sherry-cask-reserve-1-lt","status":"publish","type":"product","link":"https:\/\/www.poke.com.ar\/en\/tienda\/bushmills-black-bush-px-sherry-cask-reserve-1-lt\/","title":{"rendered":"Bushmills Black Bush Px Sherry Cask Reserve 1 lt"},"content":{"rendered":"<p>Nariz: Aromas grandes y atrevidos de rico pastel de frutas y dulzura intensa de jerez, con notas de pastel de frutas picante, c\u00e1scara de naranja confitada, galletas almibaradas y nueces tostadas.Boca: Una sensaci\u00f3n en boca suave y sedosa con la dulzura del jerez, roble c\u00e1lido, pasas, pimienta de Jamaica y pralin\u00e9 de almendras.Revela un car\u00e1cter distintivo de nuez tostada, toques de pimienta de Jamaica y un toque de duraznos maduros.Final: Largo, con especias persistentes y notas c\u00edtricas.La intrincada alianza entre la complejidad de la barrica de jerez PX y la suavidad del licor da como resultado innumerables capas de sabor.<\/p>","protected":false},"excerpt":{"rendered":"<p>Bushmills Black Bush PX Sherry Cask Reserve es un whisky irland\u00e9s de mezcla excepcionalmente profunda, una expresi\u00f3n distintiva de su mezcla principal Black Bush.Esta botella de 1 litro, exclusiva para el comercio minorista de viajes, est\u00e1 dise\u00f1ada para aquellos que aprecian un whisky excepcional con una profunda complejidad de jerez y un car\u00e1cter suave y con mucho cuerpo.Su composici\u00f3n se compone de un 80% de whiskies de malta seleccionados a mano, algunos de los cuales son acabados en barricas de jerez Pedro Xim\u00e9nez seleccionadas a mano, combinados con un 20% de whisky de grano irland\u00e9s.El envejecimiento en barricas de PX imparte ricos sabores de frutos secos y pasas caramelizadas, que recuerdan al famoso vino dulce, lo que le da al whisky una dulzura y profundidad inconfundibles.Embotellado al 40% ABV, ofrece un car\u00e1cter de jerez incre\u00edblemente accesible, rico y afrutado.<\/p>","protected":false},"featured_media":1918,"template":"","meta":{"_gspb_post_css":"","_joinchat":[]},"product_brand":[],"product_cat":[132],"product_tag":[],"class_list":{"0":"post-1914","1":"product","2":"type-product","3":"status-publish","4":"has-post-thumbnail","6":"product_cat-irish","8":"first","9":"onbackorder","10":"shipping-taxable","11":"purchasable","12":"product-type-simple"},"supplier_id":1915,"supplier_sku":"","barcode":null,"atum_controlled":true,"out_stock_date":null,"out_stock_threshold":null,"inheritable":false,"inbound_stock":null,"stock_on_hold":0,"sold_today":0,"sales_last_days":0,"reserved_stock":null,"customer_returns":null,"warehouse_damage":null,"lost_in_post":null,"other_logs":null,"out_stock_days":0,"lost_sales":0,"has_location":null,"update_date":"2026-05-09T03:42:17","atum_locations":[],"atum_stock_status":"onbackorder","restock_status":false,"low_stock_amount":"","sales_update_date":"2026-05-09T03:42:17","calc_backorders":0,"_links":{"self":[{"href":"https:\/\/www.poke.com.ar\/en\/wp-json\/wp\/v2\/product\/1914","targetHints":{"allow":["GET"]}}],"collection":[{"href":"https:\/\/www.poke.com.ar\/en\/wp-json\/wp\/v2\/product"}],"about":[{"href":"https:\/\/www.poke.com.ar\/en\/wp-json\/wp\/v2\/types\/product"}],"wp:featuredmedia":[{"embeddable":true,"href":"https:\/\/www.poke.com.ar\/en\/wp-json\/wp\/v2\/media\/1918"}],"wp:attachment":[{"href":"https:\/\/www.poke.com.ar\/en\/wp-json\/wp\/v2\/media?parent=1914"}],"wp:term":[{"taxonomy":"product_brand","embeddable":true,"href":"https:\/\/www.poke.com.ar\/en\/wp-json\/wp\/v2\/product_brand?post=1914"},{"taxonomy":"product_cat","embeddable":true,"href":"https:\/\/www.poke.com.ar\/en\/wp-json\/wp\/v2\/product_cat?post=1914"},{"taxonomy":"product_tag","embeddable":true,"href":"https:\/\/www.poke.com.ar\/en\/wp-json\/wp\/v2\/product_tag?post=1914"}],"curies":[{"name":"wp","href":"https:\/\/api.w.org\/{rel}","templated":true}]}}