{"id":1884,"date":"2026-05-06T21:04:59","date_gmt":"2026-05-06T21:04:59","guid":{"rendered":"http:\/\/poke.com.arREMOTE_TARGET\/tienda\/moet-imperial-rose-750-ml\/"},"modified":"2026-05-06T21:04:59","modified_gmt":"2026-05-06T21:04:59","slug":"moet-imperial-rose-750-ml","status":"publish","type":"product","link":"https:\/\/www.poke.com.ar\/en\/tienda\/moet-imperial-rose-750-ml\/","title":{"rendered":"Moet Imperial Rose 750 ml"},"content":{"rendered":"<p>Nan<\/p>","protected":false},"excerpt":{"rendered":"<p>Mo\u00ebt &#038; Chandon Ros\u00e9 Imp\u00e9rial es una expresi\u00f3n vibrante, radiante y rom\u00e1ntica del estilo Mo\u00ebt &#038; Chandon, caracterizado por su frutosidad brillante, paladar seductor y madurez elegante.Este rosado sin a\u00f1ada es un champagne muy aclamado, reconocido por su equilibrio y final persistente.La mezcla muestra la diversidad de tres variedades de uva: 40-50% Pinot Noir (incluido un 10% de vino tinto), 30-40% Pinot Meunier (incluido un 10% de vino tinto) y 10-20% Chardonnay.Incorpora entre un 20% y un 30% de vinos reserva especialmente seleccionados para potenciar su intensidad y consistencia.Elaborado seg\u00fan el m\u00e9todo tradicional champenoise, Ros\u00e9 Imp\u00e9rial tiene una dosis de 9 g\/l.<\/p>","protected":false},"featured_media":1886,"template":"","meta":{"_gspb_post_css":"","_joinchat":[]},"product_brand":[],"product_cat":[130],"product_tag":[],"class_list":{"0":"post-1884","1":"product","2":"type-product","3":"status-publish","4":"has-post-thumbnail","6":"product_cat-espumante","8":"first","9":"onbackorder","10":"shipping-taxable","11":"purchasable","12":"product-type-simple"},"supplier_id":1885,"supplier_sku":"","barcode":null,"atum_controlled":true,"out_stock_date":null,"out_stock_threshold":null,"inheritable":false,"inbound_stock":null,"stock_on_hold":0,"sold_today":0,"sales_last_days":0,"reserved_stock":null,"customer_returns":null,"warehouse_damage":null,"lost_in_post":null,"other_logs":null,"out_stock_days":0,"lost_sales":0,"has_location":null,"update_date":"2026-05-09T03:42:17","atum_locations":[],"atum_stock_status":"onbackorder","restock_status":false,"low_stock_amount":"","sales_update_date":"2026-05-09T03:42:17","calc_backorders":0,"_links":{"self":[{"href":"https:\/\/www.poke.com.ar\/en\/wp-json\/wp\/v2\/product\/1884","targetHints":{"allow":["GET"]}}],"collection":[{"href":"https:\/\/www.poke.com.ar\/en\/wp-json\/wp\/v2\/product"}],"about":[{"href":"https:\/\/www.poke.com.ar\/en\/wp-json\/wp\/v2\/types\/product"}],"wp:featuredmedia":[{"embeddable":true,"href":"https:\/\/www.poke.com.ar\/en\/wp-json\/wp\/v2\/media\/1886"}],"wp:attachment":[{"href":"https:\/\/www.poke.com.ar\/en\/wp-json\/wp\/v2\/media?parent=1884"}],"wp:term":[{"taxonomy":"product_brand","embeddable":true,"href":"https:\/\/www.poke.com.ar\/en\/wp-json\/wp\/v2\/product_brand?post=1884"},{"taxonomy":"product_cat","embeddable":true,"href":"https:\/\/www.poke.com.ar\/en\/wp-json\/wp\/v2\/product_cat?post=1884"},{"taxonomy":"product_tag","embeddable":true,"href":"https:\/\/www.poke.com.ar\/en\/wp-json\/wp\/v2\/product_tag?post=1884"}],"curies":[{"name":"wp","href":"https:\/\/api.w.org\/{rel}","templated":true}]}}