{"id":1875,"date":"2026-05-06T21:03:44","date_gmt":"2026-05-06T21:03:44","guid":{"rendered":"http:\/\/poke.com.arREMOTE_TARGET\/tienda\/bottega-rose-gold-750-ml\/"},"modified":"2026-05-06T21:03:44","modified_gmt":"2026-05-06T21:03:44","slug":"bottega-rose-gold-750-ml","status":"publish","type":"product","link":"https:\/\/www.poke.com.ar\/en\/tienda\/bottega-rose-gold-750-ml\/","title":{"rendered":"Bottega Rose Gold 750 ml"},"content":{"rendered":"<p>Color: Rosado brillante y p\u00e1lido, con un perlaje (burbujas) fino y persistente. Aroma: Intenso y complejo, con notas florales y a frutos rojos, destacando las fresas salvajes, frambuesas y grosellas. Sabor: En boca es fresco, delicado y suave, con una acidez equilibrada y un retrogusto persistente. Es excelente como aperitivo, pero tambi\u00e9n marida bien con platos de pescado, sushi, marisco, carnes blancas, verduras, quesos y postres.<\/p>","protected":false},"excerpt":{"rendered":"<p>Bottega Rose Gold de 750 ml es un vino espumoso rosado, tipo Brut, elaborado con uvas Pinot Noir de la regi\u00f3n italiana de Lombard\u00eda. Se caracteriza por su botella met\u00e1lica en color oro rosa que, adem\u00e1s de ser distintiva, protege al vino de la luz para conservar su aroma y frescura.<\/p>","protected":false},"featured_media":1877,"template":"","meta":{"_gspb_post_css":"","_joinchat":[]},"product_brand":[],"product_cat":[130],"product_tag":[],"class_list":{"0":"post-1875","1":"product","2":"type-product","3":"status-publish","4":"has-post-thumbnail","6":"product_cat-espumante","8":"first","9":"onbackorder","10":"shipping-taxable","11":"purchasable","12":"product-type-simple"},"supplier_id":1876,"supplier_sku":"","barcode":null,"atum_controlled":true,"out_stock_date":null,"out_stock_threshold":null,"inheritable":false,"inbound_stock":null,"stock_on_hold":0,"sold_today":0,"sales_last_days":0,"reserved_stock":null,"customer_returns":null,"warehouse_damage":null,"lost_in_post":null,"other_logs":null,"out_stock_days":0,"lost_sales":0,"has_location":null,"update_date":"2026-05-09T03:42:17","atum_locations":[],"atum_stock_status":"onbackorder","restock_status":false,"low_stock_amount":"","sales_update_date":"2026-05-09T03:42:17","calc_backorders":0,"_links":{"self":[{"href":"https:\/\/www.poke.com.ar\/en\/wp-json\/wp\/v2\/product\/1875","targetHints":{"allow":["GET"]}}],"collection":[{"href":"https:\/\/www.poke.com.ar\/en\/wp-json\/wp\/v2\/product"}],"about":[{"href":"https:\/\/www.poke.com.ar\/en\/wp-json\/wp\/v2\/types\/product"}],"wp:featuredmedia":[{"embeddable":true,"href":"https:\/\/www.poke.com.ar\/en\/wp-json\/wp\/v2\/media\/1877"}],"wp:attachment":[{"href":"https:\/\/www.poke.com.ar\/en\/wp-json\/wp\/v2\/media?parent=1875"}],"wp:term":[{"taxonomy":"product_brand","embeddable":true,"href":"https:\/\/www.poke.com.ar\/en\/wp-json\/wp\/v2\/product_brand?post=1875"},{"taxonomy":"product_cat","embeddable":true,"href":"https:\/\/www.poke.com.ar\/en\/wp-json\/wp\/v2\/product_cat?post=1875"},{"taxonomy":"product_tag","embeddable":true,"href":"https:\/\/www.poke.com.ar\/en\/wp-json\/wp\/v2\/product_tag?post=1875"}],"curies":[{"name":"wp","href":"https:\/\/api.w.org\/{rel}","templated":true}]}}