{"id":1872,"date":"2026-05-06T21:03:20","date_gmt":"2026-05-06T21:03:20","guid":{"rendered":"http:\/\/poke.com.arREMOTE_TARGET\/tienda\/bottega-gold-extra-brut-750-ml\/"},"modified":"2026-05-06T21:03:20","modified_gmt":"2026-05-06T21:03:20","slug":"bottega-gold-extra-brut-750-ml","status":"publish","type":"product","link":"https:\/\/www.poke.com.ar\/en\/tienda\/bottega-gold-extra-brut-750-ml\/","title":{"rendered":"Bottega Gold Extra Brut 750 ml"},"content":{"rendered":"<p>Color y Apariencia: Amarillo pajizo brillante con reflejos dorados, y un perlaje fino y persistente. Aroma: Ofrece notas refinadas de manzana dorada madura y pera, flores blancas como glicinia y acacia, con toques de corteza de pan. Tambi\u00e9n se perciben aromas de manzana verde, c\u00edtricos, lirio de los valles, salvia y especias. Sabor: Es seco, encantador y presenta una buena sapidez con mineralidad. Es suave, armonioso, elegante, con un cuerpo esbelto y una acidez equilibrada y viva. Deja un paladar seco y una notable persistencia.<\/p>","protected":false},"excerpt":{"rendered":"<p>Bottega Gold Extra Brut es un vino espumoso Extra Brut, parte de un proyecto de Bottega para realzar el Prosecco. Es un Prosecco DOC Spumante Extra Brut, elaborado con uvas Glera cultivadas en las colinas de la provincia de Treviso, Italia. Su proceso de producci\u00f3n incluye tiempos de fermentaci\u00f3n prolongados (m\u00e1s de 6 meses) para lograr un car\u00e1cter m\u00e1s complejo y una buena longevidad. La botella, completamente personalizada con un acabado dorado espejado, no solo le confiere un atractivo visual impactante, sino que tambi\u00e9n protege el vino de la luz, preservando su aroma y frescura. Es conocido como el \u00abVino Espumoso Glamour\u00bb por su distintiva librea dorada, s\u00edmbolo de elegancia y refinamiento.<\/p>","protected":false},"featured_media":1874,"template":"","meta":{"_gspb_post_css":"","_joinchat":[]},"product_brand":[],"product_cat":[130],"product_tag":[],"class_list":{"0":"post-1872","1":"product","2":"type-product","3":"status-publish","4":"has-post-thumbnail","6":"product_cat-espumante","8":"first","9":"onbackorder","10":"shipping-taxable","11":"purchasable","12":"product-type-simple"},"supplier_id":1873,"supplier_sku":"","barcode":null,"atum_controlled":true,"out_stock_date":null,"out_stock_threshold":null,"inheritable":false,"inbound_stock":null,"stock_on_hold":0,"sold_today":0,"sales_last_days":0,"reserved_stock":null,"customer_returns":null,"warehouse_damage":null,"lost_in_post":null,"other_logs":null,"out_stock_days":0,"lost_sales":0,"has_location":null,"update_date":"2026-05-09T03:42:17","atum_locations":[],"atum_stock_status":"onbackorder","restock_status":false,"low_stock_amount":"","sales_update_date":"2026-05-09T03:42:17","calc_backorders":0,"_links":{"self":[{"href":"https:\/\/www.poke.com.ar\/en\/wp-json\/wp\/v2\/product\/1872","targetHints":{"allow":["GET"]}}],"collection":[{"href":"https:\/\/www.poke.com.ar\/en\/wp-json\/wp\/v2\/product"}],"about":[{"href":"https:\/\/www.poke.com.ar\/en\/wp-json\/wp\/v2\/types\/product"}],"wp:featuredmedia":[{"embeddable":true,"href":"https:\/\/www.poke.com.ar\/en\/wp-json\/wp\/v2\/media\/1874"}],"wp:attachment":[{"href":"https:\/\/www.poke.com.ar\/en\/wp-json\/wp\/v2\/media?parent=1872"}],"wp:term":[{"taxonomy":"product_brand","embeddable":true,"href":"https:\/\/www.poke.com.ar\/en\/wp-json\/wp\/v2\/product_brand?post=1872"},{"taxonomy":"product_cat","embeddable":true,"href":"https:\/\/www.poke.com.ar\/en\/wp-json\/wp\/v2\/product_cat?post=1872"},{"taxonomy":"product_tag","embeddable":true,"href":"https:\/\/www.poke.com.ar\/en\/wp-json\/wp\/v2\/product_tag?post=1872"}],"curies":[{"name":"wp","href":"https:\/\/api.w.org\/{rel}","templated":true}]}}