{"id":1869,"date":"2026-05-06T21:02:58","date_gmt":"2026-05-06T21:02:58","guid":{"rendered":"http:\/\/poke.com.arREMOTE_TARGET\/tienda\/bottega-gold-750-ml\/"},"modified":"2026-05-06T21:02:58","modified_gmt":"2026-05-06T21:02:58","slug":"bottega-gold-750-ml","status":"publish","type":"product","link":"https:\/\/www.poke.com.ar\/en\/tienda\/bottega-gold-750-ml\/","title":{"rendered":"Bottega Gold 750 ml"},"content":{"rendered":"<p>Nan<\/p>","protected":false},"excerpt":{"rendered":"<p>El Bottega Gold Prosecco DOC Spumante de 750 ml es un vino blanco espumoso italiano de prestigio internacional, elaborado con uvas Glera en la regi\u00f3n de Treviso, Veneto. Conocido como el \u00abVino Espumoso Glamour\u00bb por su ic\u00f3nica botella dorada, que encarna una elegancia \u00fanica. Color y Apariencia: Presenta un color amarillo pajizo brillante, con una espuma rica y persistente y un perlage fino. Nariz: Destacan sus aromas t\u00edpicos y refinados con notas afrutadas de manzanas verdes, pera y c\u00edtricos. Adem\u00e1s, posee notas de flores blancas como acacia, glicinia y lirio de los valles, con toques de salvia y especias al final. Boca: Es suave, armonioso y elegante, de cuerpo ligero, con vivacidad y una acidez equilibrada.<\/p>","protected":false},"featured_media":1871,"template":"","meta":{"_gspb_post_css":"","_joinchat":[]},"product_brand":[],"product_cat":[130],"product_tag":[],"class_list":{"0":"post-1869","1":"product","2":"type-product","3":"status-publish","4":"has-post-thumbnail","6":"product_cat-espumante","8":"first","9":"onbackorder","10":"shipping-taxable","11":"purchasable","12":"product-type-simple"},"supplier_id":1870,"supplier_sku":"","barcode":null,"atum_controlled":true,"out_stock_date":null,"out_stock_threshold":null,"inheritable":false,"inbound_stock":null,"stock_on_hold":0,"sold_today":0,"sales_last_days":0,"reserved_stock":null,"customer_returns":null,"warehouse_damage":null,"lost_in_post":null,"other_logs":null,"out_stock_days":0,"lost_sales":0,"has_location":null,"update_date":"2026-05-09T03:42:17","atum_locations":[],"atum_stock_status":"onbackorder","restock_status":false,"low_stock_amount":"","sales_update_date":"2026-05-09T03:42:17","calc_backorders":0,"_links":{"self":[{"href":"https:\/\/www.poke.com.ar\/en\/wp-json\/wp\/v2\/product\/1869","targetHints":{"allow":["GET"]}}],"collection":[{"href":"https:\/\/www.poke.com.ar\/en\/wp-json\/wp\/v2\/product"}],"about":[{"href":"https:\/\/www.poke.com.ar\/en\/wp-json\/wp\/v2\/types\/product"}],"wp:featuredmedia":[{"embeddable":true,"href":"https:\/\/www.poke.com.ar\/en\/wp-json\/wp\/v2\/media\/1871"}],"wp:attachment":[{"href":"https:\/\/www.poke.com.ar\/en\/wp-json\/wp\/v2\/media?parent=1869"}],"wp:term":[{"taxonomy":"product_brand","embeddable":true,"href":"https:\/\/www.poke.com.ar\/en\/wp-json\/wp\/v2\/product_brand?post=1869"},{"taxonomy":"product_cat","embeddable":true,"href":"https:\/\/www.poke.com.ar\/en\/wp-json\/wp\/v2\/product_cat?post=1869"},{"taxonomy":"product_tag","embeddable":true,"href":"https:\/\/www.poke.com.ar\/en\/wp-json\/wp\/v2\/product_tag?post=1869"}],"curies":[{"name":"wp","href":"https:\/\/api.w.org\/{rel}","templated":true}]}}