{"id":1857,"date":"2026-05-06T21:01:24","date_gmt":"2026-05-06T21:01:24","guid":{"rendered":"http:\/\/poke.com.arREMOTE_TARGET\/tienda\/fernet-750-ml\/"},"modified":"2026-05-06T21:01:24","modified_gmt":"2026-05-06T21:01:24","slug":"fernet-750-ml","status":"publish","type":"product","link":"https:\/\/www.poke.com.ar\/en\/tienda\/fernet-750-ml\/","title":{"rendered":"Fernet 750 ml"},"content":{"rendered":"<p>Amargo e intenso, con notas herbales, especiadas, y a veces toques de menta y regaliz. Proviene de una receta que combina m\u00e1s de 27 ingredientes (hierbas, ra\u00edces, especias, frutas y flores) que se maceran en alcohol. Despu\u00e9s de un proceso de maceraci\u00f3n, el resultado se a\u00f1eja en barricas de roble durante un per\u00edodo de 6 a 12 meses.<\/p>","protected":false},"excerpt":{"rendered":"<p>El Fernet de 750 ml es un licor de hierbas italiano, amargo y de color oscuro, elaborado con una mezcla secreta de hierbas, cortezas, ra\u00edces y frutos que se maceran en alcohol y luego se maduran en toneles de roble.<\/p>","protected":false},"featured_media":1859,"template":"","meta":{"_gspb_post_css":"","_joinchat":[]},"product_brand":[],"product_cat":[119],"product_tag":[],"class_list":{"0":"post-1857","1":"product","2":"type-product","3":"status-publish","4":"has-post-thumbnail","6":"product_cat-aperitivos","8":"first","9":"onbackorder","10":"shipping-taxable","11":"purchasable","12":"product-type-simple"},"supplier_id":1858,"supplier_sku":"","barcode":null,"atum_controlled":true,"out_stock_date":null,"out_stock_threshold":null,"inheritable":false,"inbound_stock":null,"stock_on_hold":0,"sold_today":0,"sales_last_days":0,"reserved_stock":null,"customer_returns":null,"warehouse_damage":null,"lost_in_post":null,"other_logs":null,"out_stock_days":0,"lost_sales":0,"has_location":null,"update_date":"2026-05-09T03:42:17","atum_locations":[],"atum_stock_status":"onbackorder","restock_status":false,"low_stock_amount":"","sales_update_date":"2026-05-09T03:42:17","calc_backorders":0,"_links":{"self":[{"href":"https:\/\/www.poke.com.ar\/en\/wp-json\/wp\/v2\/product\/1857","targetHints":{"allow":["GET"]}}],"collection":[{"href":"https:\/\/www.poke.com.ar\/en\/wp-json\/wp\/v2\/product"}],"about":[{"href":"https:\/\/www.poke.com.ar\/en\/wp-json\/wp\/v2\/types\/product"}],"wp:featuredmedia":[{"embeddable":true,"href":"https:\/\/www.poke.com.ar\/en\/wp-json\/wp\/v2\/media\/1859"}],"wp:attachment":[{"href":"https:\/\/www.poke.com.ar\/en\/wp-json\/wp\/v2\/media?parent=1857"}],"wp:term":[{"taxonomy":"product_brand","embeddable":true,"href":"https:\/\/www.poke.com.ar\/en\/wp-json\/wp\/v2\/product_brand?post=1857"},{"taxonomy":"product_cat","embeddable":true,"href":"https:\/\/www.poke.com.ar\/en\/wp-json\/wp\/v2\/product_cat?post=1857"},{"taxonomy":"product_tag","embeddable":true,"href":"https:\/\/www.poke.com.ar\/en\/wp-json\/wp\/v2\/product_tag?post=1857"}],"curies":[{"name":"wp","href":"https:\/\/api.w.org\/{rel}","templated":true}]}}