{"id":1830,"date":"2026-05-06T20:57:42","date_gmt":"2026-05-06T20:57:42","guid":{"rendered":"http:\/\/poke.com.arREMOTE_TARGET\/tienda\/trumpeter-cabernet-franc\/"},"modified":"2026-05-06T20:57:42","modified_gmt":"2026-05-06T20:57:42","slug":"trumpeter-cabernet-franc","status":"publish","type":"product","link":"https:\/\/www.poke.com.ar\/en\/tienda\/trumpeter-cabernet-franc\/","title":{"rendered":"Trumpeter Cabernet Franc"},"content":{"rendered":"<p>Presenta un color rojo rub\u00ed brillante con reflejos p\u00farpuras, seg\u00fan la ficha t\u00e9cnica de la bodega Rutini Wines. En nariz, se distinguen aromas a frutas rojas maduras, como ciruela, con suaves notas mentoladas y de especias, como la pimienta rosa. Tambi\u00e9n se perciben matices de cacao, tabaco y vainilla, resultado de su paso por el roble. Es un vino suave y frutal en boca, con taninos amables y presentes. Reafirma los acentos frutados y especiados percibidos en nariz, y ofrece un final pleno y agradable. Acompa\u00f1a de forma excelente platos como guisos, empanadas y locro. Marida con tablas de fiambres ahumados y quesos curados.<\/p>","protected":false},"excerpt":{"rendered":"<p>Trumpeter Cabernet Franc de Rutini Wines es un vino tinto de la regi\u00f3n de Mendoza, Argentina, conocido por su tipicidad varietal y su perfil de sabor elegante y equilibrado.<\/p>","protected":false},"featured_media":1832,"template":"","meta":{"_gspb_post_css":"","_joinchat":[]},"product_brand":[],"product_cat":[123],"product_tag":[],"class_list":{"0":"post-1830","1":"product","2":"type-product","3":"status-publish","4":"has-post-thumbnail","6":"product_cat-rutini-wines","8":"first","9":"onbackorder","10":"shipping-taxable","11":"purchasable","12":"product-type-simple"},"supplier_id":1831,"supplier_sku":"","barcode":null,"atum_controlled":true,"out_stock_date":null,"out_stock_threshold":null,"inheritable":false,"inbound_stock":null,"stock_on_hold":0,"sold_today":0,"sales_last_days":0,"reserved_stock":null,"customer_returns":null,"warehouse_damage":null,"lost_in_post":null,"other_logs":null,"out_stock_days":0,"lost_sales":0,"has_location":null,"update_date":"2026-05-09T03:42:17","atum_locations":[],"atum_stock_status":"onbackorder","restock_status":false,"low_stock_amount":"","sales_update_date":"2026-05-09T03:42:17","calc_backorders":0,"_links":{"self":[{"href":"https:\/\/www.poke.com.ar\/en\/wp-json\/wp\/v2\/product\/1830","targetHints":{"allow":["GET"]}}],"collection":[{"href":"https:\/\/www.poke.com.ar\/en\/wp-json\/wp\/v2\/product"}],"about":[{"href":"https:\/\/www.poke.com.ar\/en\/wp-json\/wp\/v2\/types\/product"}],"wp:featuredmedia":[{"embeddable":true,"href":"https:\/\/www.poke.com.ar\/en\/wp-json\/wp\/v2\/media\/1832"}],"wp:attachment":[{"href":"https:\/\/www.poke.com.ar\/en\/wp-json\/wp\/v2\/media?parent=1830"}],"wp:term":[{"taxonomy":"product_brand","embeddable":true,"href":"https:\/\/www.poke.com.ar\/en\/wp-json\/wp\/v2\/product_brand?post=1830"},{"taxonomy":"product_cat","embeddable":true,"href":"https:\/\/www.poke.com.ar\/en\/wp-json\/wp\/v2\/product_cat?post=1830"},{"taxonomy":"product_tag","embeddable":true,"href":"https:\/\/www.poke.com.ar\/en\/wp-json\/wp\/v2\/product_tag?post=1830"}],"curies":[{"name":"wp","href":"https:\/\/api.w.org\/{rel}","templated":true}]}}