{"id":1820,"date":"2026-05-06T20:56:27","date_gmt":"2026-05-06T20:56:27","guid":{"rendered":"http:\/\/poke.com.arREMOTE_TARGET\/tienda\/john-c-patagonian-750-ml\/"},"modified":"2026-05-06T20:56:27","modified_gmt":"2026-05-06T20:56:27","slug":"john-c-patagonian-750-ml","status":"publish","type":"product","link":"https:\/\/www.poke.com.ar\/en\/tienda\/john-c-patagonian-750-ml\/","title":{"rendered":"John C Patagonian 750 ml"},"content":{"rendered":"<p>Gin artesanal de perfil fresco y c\u00edtrico, se perciben las notas vibrantes de lim\u00f3n, pimienta, lavanda y cardamomo, que evocan la frescura de las ma\u00f1anas y la serenidad de las noches de verano. Infusionado con bayas de enebro (Juniperus communis) y una selecci\u00f3n de bot\u00e1nicos como c\u00e1scaras de lim\u00f3n, ra\u00edz de ang\u00e9lica, eneldo, coriandro y pimientas blanca y negra. Este gin logra un equilibrio perfecto en cada sorbo. Tragos recomendados: Gin Tonic, Gin Punch Tropical y Gin Fizz de ar\u00e1ndanos.<\/p>","protected":false},"excerpt":{"rendered":"<p>Gin John C Patagonian 750 ml es un gin artesanal de origen argentino, destilado en Luj\u00e1n de Cuyo, Mendoza, que se destaca por su perfil fresco y c\u00edtrico. El agua pura de la Cordillera de los Andes utilizada en su elaboraci\u00f3n le aporta una suavidad particular.<\/p>","protected":false},"featured_media":1823,"template":"","meta":{"_gspb_post_css":"","_joinchat":[]},"product_brand":[],"product_cat":[129],"product_tag":[],"class_list":{"0":"post-1820","1":"product","2":"type-product","3":"status-publish","4":"has-post-thumbnail","6":"product_cat-gin","8":"first","9":"onbackorder","10":"shipping-taxable","11":"purchasable","12":"product-type-simple"},"supplier_id":1821,"supplier_sku":"","barcode":null,"atum_controlled":true,"out_stock_date":null,"out_stock_threshold":null,"inheritable":false,"inbound_stock":null,"stock_on_hold":0,"sold_today":0,"sales_last_days":0,"reserved_stock":null,"customer_returns":null,"warehouse_damage":null,"lost_in_post":null,"other_logs":null,"out_stock_days":0,"lost_sales":0,"has_location":null,"update_date":"2026-05-09T03:42:17","atum_locations":[],"atum_stock_status":"onbackorder","restock_status":false,"low_stock_amount":"","sales_update_date":"2026-05-09T03:42:17","calc_backorders":0,"_links":{"self":[{"href":"https:\/\/www.poke.com.ar\/en\/wp-json\/wp\/v2\/product\/1820","targetHints":{"allow":["GET"]}}],"collection":[{"href":"https:\/\/www.poke.com.ar\/en\/wp-json\/wp\/v2\/product"}],"about":[{"href":"https:\/\/www.poke.com.ar\/en\/wp-json\/wp\/v2\/types\/product"}],"wp:featuredmedia":[{"embeddable":true,"href":"https:\/\/www.poke.com.ar\/en\/wp-json\/wp\/v2\/media\/1823"}],"wp:attachment":[{"href":"https:\/\/www.poke.com.ar\/en\/wp-json\/wp\/v2\/media?parent=1820"}],"wp:term":[{"taxonomy":"product_brand","embeddable":true,"href":"https:\/\/www.poke.com.ar\/en\/wp-json\/wp\/v2\/product_brand?post=1820"},{"taxonomy":"product_cat","embeddable":true,"href":"https:\/\/www.poke.com.ar\/en\/wp-json\/wp\/v2\/product_cat?post=1820"},{"taxonomy":"product_tag","embeddable":true,"href":"https:\/\/www.poke.com.ar\/en\/wp-json\/wp\/v2\/product_tag?post=1820"}],"curies":[{"name":"wp","href":"https:\/\/api.w.org\/{rel}","templated":true}]}}