{"id":1807,"date":"2026-05-06T20:54:48","date_gmt":"2026-05-06T20:54:48","guid":{"rendered":"http:\/\/poke.com.arREMOTE_TARGET\/tienda\/piattelli-rsv-salta-malbec\/"},"modified":"2026-05-06T20:54:48","modified_gmt":"2026-05-06T20:54:48","slug":"piattelli-rsv-salta-malbec","status":"publish","type":"product","link":"https:\/\/www.poke.com.ar\/en\/tienda\/piattelli-rsv-salta-malbec\/","title":{"rendered":"Piattelli Rsv Salta Malbec"},"content":{"rendered":"<p>Este vino presenta un color p\u00farpura intenso y vibrante. En nariz, ofrece notas arom\u00e1ticas de ciruela madura y violeta, con un bouquet frutal que deleita los sentidos. Tambi\u00e9n se pueden encontrar aromas complejos de frutas negras, flores, cuero y vainilla ahumada. En boca, es un tinto de estructura elegante y cuerpo pleno, con un final suave y afrutado. Es intenso, potente, arom\u00e1tico, jugoso y elegante. Se describe como un vino de cuerpo entero y brillante, con taninos que se sienten como terciopelo. Es un Malbec especiado y terroso, ideal para acompa\u00f1ar comidas fuertes y carnes rojas.<\/p>","protected":false},"excerpt":{"rendered":"<p>El \u00abPiattelli Rsv Salta Malbec\u00bb es un vino tinto procedente de la regi\u00f3n de Salta, Argentina.Es conocido por su perfil rico y fragante.En nariz presenta aromas especiados y de frutos rojos maduros, a menudo con notas de eucalipto e higo.Otras descripciones incluyen sabores de ciruela oscura, ar\u00e1ndano, mora, moca, pimienta negra y carne ahumada.Algunas a\u00f1adas tambi\u00e9n muestran notas arom\u00e1ticas de ciruela madura y violeta.En boca se caracteriza por una entrada agradable con taninos maduros, firmes e intensos, resultado de una lenta maduraci\u00f3n polifen\u00f3lica.Es con cuerpo y brillante, con buen equilibrio y finura.<\/p>","protected":false},"featured_media":1809,"template":"","meta":{"_gspb_post_css":"","_joinchat":[]},"product_brand":[],"product_cat":[122],"product_tag":[],"class_list":{"0":"post-1807","1":"product","2":"type-product","3":"status-publish","4":"has-post-thumbnail","6":"product_cat-piattelli","8":"first","9":"onbackorder","10":"shipping-taxable","11":"purchasable","12":"product-type-simple"},"supplier_id":1808,"supplier_sku":"","barcode":null,"atum_controlled":true,"out_stock_date":null,"out_stock_threshold":null,"inheritable":false,"inbound_stock":null,"stock_on_hold":0,"sold_today":0,"sales_last_days":0,"reserved_stock":null,"customer_returns":null,"warehouse_damage":null,"lost_in_post":null,"other_logs":null,"out_stock_days":0,"lost_sales":0,"has_location":null,"update_date":"2026-05-09T03:42:17","atum_locations":[],"atum_stock_status":"onbackorder","restock_status":false,"low_stock_amount":"","sales_update_date":"2026-05-09T03:42:17","calc_backorders":0,"_links":{"self":[{"href":"https:\/\/www.poke.com.ar\/en\/wp-json\/wp\/v2\/product\/1807","targetHints":{"allow":["GET"]}}],"collection":[{"href":"https:\/\/www.poke.com.ar\/en\/wp-json\/wp\/v2\/product"}],"about":[{"href":"https:\/\/www.poke.com.ar\/en\/wp-json\/wp\/v2\/types\/product"}],"wp:featuredmedia":[{"embeddable":true,"href":"https:\/\/www.poke.com.ar\/en\/wp-json\/wp\/v2\/media\/1809"}],"wp:attachment":[{"href":"https:\/\/www.poke.com.ar\/en\/wp-json\/wp\/v2\/media?parent=1807"}],"wp:term":[{"taxonomy":"product_brand","embeddable":true,"href":"https:\/\/www.poke.com.ar\/en\/wp-json\/wp\/v2\/product_brand?post=1807"},{"taxonomy":"product_cat","embeddable":true,"href":"https:\/\/www.poke.com.ar\/en\/wp-json\/wp\/v2\/product_cat?post=1807"},{"taxonomy":"product_tag","embeddable":true,"href":"https:\/\/www.poke.com.ar\/en\/wp-json\/wp\/v2\/product_tag?post=1807"}],"curies":[{"name":"wp","href":"https:\/\/api.w.org\/{rel}","templated":true}]}}