{"id":1791,"date":"2026-05-06T20:52:46","date_gmt":"2026-05-06T20:52:46","guid":{"rendered":"http:\/\/poke.com.arREMOTE_TARGET\/tienda\/ferrero-rocher-x24u\/"},"modified":"2026-05-06T20:52:46","modified_gmt":"2026-05-06T20:52:46","slug":"ferrero-rocher-x24u","status":"publish","type":"product","link":"https:\/\/www.poke.com.ar\/en\/tienda\/ferrero-rocher-x24u\/","title":{"rendered":"Ferrero Rocher x24u"},"content":{"rendered":"<p>La experiencia de degustaci\u00f3n de Ferrero Rocher comienza con un satisfactorio crujido de la avellana entera y la corteza crujiente del barquillo.Esto da paso a un relleno de avellana suave, rico y cremoso que se deshace en la boca.La capa exterior de chocolate con leche proporciona un sabor dulce e indulgente, que se complementa con los trozos de avellana finamente picados del exterior, que a\u00f1aden textura y un delicioso aroma a nuez.La combinaci\u00f3n general ofrece una combinaci\u00f3n irresistible de chocolate premium y avellanas crujientes, que ofrece una emocionante explosi\u00f3n de sabores en cada bocado.<\/p>","protected":false},"excerpt":{"rendered":"<p>Ferrero Rocher es un dulce de primera calidad con chocolate con leche y avellanas, que a menudo se presenta en una caja de regalo de 24 unidades.Ofrece una experiencia de sabor \u00fanica con capas contrastantes: una avellana entera crujiente en su coraz\u00f3n, rodeada de un delicioso y cremoso relleno de avellana, todo ello envuelto en suave chocolate con leche, crujientes obleas y trozos de avellana suavemente tostadas.Cada chocolate est\u00e1 envuelto individualmente en su caracter\u00edstico papel dorado, lo que lo convierte en una opci\u00f3n elegante para regalar u ocasiones especiales.Ferrero elabora estas delicias desde la d\u00e9cada de 1940, y son conocidas por su calidad, frescura y experiencia de sabor distintiva.<\/p>","protected":false},"featured_media":1794,"template":"","meta":{"_gspb_post_css":"","_joinchat":[]},"product_brand":[],"product_cat":[127],"product_tag":[],"class_list":{"0":"post-1791","1":"product","2":"type-product","3":"status-publish","4":"has-post-thumbnail","6":"product_cat-delicatessen","8":"first","9":"onbackorder","10":"shipping-taxable","11":"purchasable","12":"product-type-simple"},"supplier_id":1792,"supplier_sku":"","barcode":null,"atum_controlled":true,"out_stock_date":null,"out_stock_threshold":null,"inheritable":false,"inbound_stock":null,"stock_on_hold":0,"sold_today":0,"sales_last_days":0,"reserved_stock":null,"customer_returns":null,"warehouse_damage":null,"lost_in_post":null,"other_logs":null,"out_stock_days":0,"lost_sales":0,"has_location":null,"update_date":"2026-05-09T03:42:17","atum_locations":[],"atum_stock_status":"onbackorder","restock_status":false,"low_stock_amount":"","sales_update_date":"2026-05-09T03:42:17","calc_backorders":0,"_links":{"self":[{"href":"https:\/\/www.poke.com.ar\/en\/wp-json\/wp\/v2\/product\/1791","targetHints":{"allow":["GET"]}}],"collection":[{"href":"https:\/\/www.poke.com.ar\/en\/wp-json\/wp\/v2\/product"}],"about":[{"href":"https:\/\/www.poke.com.ar\/en\/wp-json\/wp\/v2\/types\/product"}],"wp:featuredmedia":[{"embeddable":true,"href":"https:\/\/www.poke.com.ar\/en\/wp-json\/wp\/v2\/media\/1794"}],"wp:attachment":[{"href":"https:\/\/www.poke.com.ar\/en\/wp-json\/wp\/v2\/media?parent=1791"}],"wp:term":[{"taxonomy":"product_brand","embeddable":true,"href":"https:\/\/www.poke.com.ar\/en\/wp-json\/wp\/v2\/product_brand?post=1791"},{"taxonomy":"product_cat","embeddable":true,"href":"https:\/\/www.poke.com.ar\/en\/wp-json\/wp\/v2\/product_cat?post=1791"},{"taxonomy":"product_tag","embeddable":true,"href":"https:\/\/www.poke.com.ar\/en\/wp-json\/wp\/v2\/product_tag?post=1791"}],"curies":[{"name":"wp","href":"https:\/\/api.w.org\/{rel}","templated":true}]}}