{"id":1788,"date":"2026-05-06T20:52:22","date_gmt":"2026-05-06T20:52:22","guid":{"rendered":"http:\/\/poke.com.arREMOTE_TARGET\/tienda\/encuentro-cabernet-sauvignon\/"},"modified":"2026-05-06T20:52:22","modified_gmt":"2026-05-06T20:52:22","slug":"encuentro-cabernet-sauvignon","status":"publish","type":"product","link":"https:\/\/www.poke.com.ar\/en\/tienda\/encuentro-cabernet-sauvignon\/","title":{"rendered":"Encuentro Cabernet Sauvignon"},"content":{"rendered":"<p>Color: Rojo rub\u00ed intenso con matices viol\u00e1ceos. Nariz: Presenta una fragancia frutal tenue, matizada con notas de especias y ahumados. En otras cosechas se han descrito aromas a frutos negros y tabaco. Boca: Es un vino con cuerpo robusto, taninos firmes y una acidez equilibrada. Ofrece un final persistente y fresco.<\/p>","protected":false},"excerpt":{"rendered":"<p>El Rutini Wines Encuentro Cabernet Sauvignon es un vino tinto elegante y estructurado producido en la regi\u00f3n de Mendoza, Argentina. El en\u00f3logo Mariano Di Paola es el responsable de su elaboraci\u00f3n, y su crianza en barricas de roble franc\u00e9s le aporta complejidad.<\/p>","protected":false},"featured_media":1790,"template":"","meta":{"_gspb_post_css":"","_joinchat":[]},"product_brand":[],"product_cat":[123],"product_tag":[],"class_list":{"0":"post-1788","1":"product","2":"type-product","3":"status-publish","4":"has-post-thumbnail","6":"product_cat-rutini-wines","8":"first","9":"onbackorder","10":"shipping-taxable","11":"purchasable","12":"product-type-simple"},"supplier_id":1789,"supplier_sku":"","barcode":null,"atum_controlled":true,"out_stock_date":null,"out_stock_threshold":null,"inheritable":false,"inbound_stock":null,"stock_on_hold":0,"sold_today":0,"sales_last_days":0,"reserved_stock":null,"customer_returns":null,"warehouse_damage":null,"lost_in_post":null,"other_logs":null,"out_stock_days":0,"lost_sales":0,"has_location":null,"update_date":"2026-05-09T03:42:17","atum_locations":[],"atum_stock_status":"onbackorder","restock_status":false,"low_stock_amount":"","sales_update_date":"2026-05-09T03:42:17","calc_backorders":0,"_links":{"self":[{"href":"https:\/\/www.poke.com.ar\/en\/wp-json\/wp\/v2\/product\/1788","targetHints":{"allow":["GET"]}}],"collection":[{"href":"https:\/\/www.poke.com.ar\/en\/wp-json\/wp\/v2\/product"}],"about":[{"href":"https:\/\/www.poke.com.ar\/en\/wp-json\/wp\/v2\/types\/product"}],"wp:featuredmedia":[{"embeddable":true,"href":"https:\/\/www.poke.com.ar\/en\/wp-json\/wp\/v2\/media\/1790"}],"wp:attachment":[{"href":"https:\/\/www.poke.com.ar\/en\/wp-json\/wp\/v2\/media?parent=1788"}],"wp:term":[{"taxonomy":"product_brand","embeddable":true,"href":"https:\/\/www.poke.com.ar\/en\/wp-json\/wp\/v2\/product_brand?post=1788"},{"taxonomy":"product_cat","embeddable":true,"href":"https:\/\/www.poke.com.ar\/en\/wp-json\/wp\/v2\/product_cat?post=1788"},{"taxonomy":"product_tag","embeddable":true,"href":"https:\/\/www.poke.com.ar\/en\/wp-json\/wp\/v2\/product_tag?post=1788"}],"curies":[{"name":"wp","href":"https:\/\/api.w.org\/{rel}","templated":true}]}}