{"id":1750,"date":"2026-05-06T20:47:27","date_gmt":"2026-05-06T20:47:27","guid":{"rendered":"http:\/\/poke.com.arREMOTE_TARGET\/tienda\/la-linda-malbec\/"},"modified":"2026-05-06T20:47:27","modified_gmt":"2026-05-06T20:47:27","slug":"la-linda-malbec","status":"publish","type":"product","link":"https:\/\/www.poke.com.ar\/en\/tienda\/la-linda-malbec\/","title":{"rendered":"La Linda Malbec"},"content":{"rendered":"<p>Color: Rojo viol\u00e1ceo brillante de buena intensidad. Aromas: Expresivos y frutales, con notas de cereza, frutilla, guinda y otras frutas rojas. Se pueden percibir toques especiados y, en algunas a\u00f1adas, notas de vainilla y chocolate provenientes del breve paso por roble. Boca: Fluido y con taninos suaves y redondeados. Es un vino jugoso, fresco y de buen volumen, con un final de boca muy agradable.<\/p>","protected":false},"excerpt":{"rendered":"<p>La Linda Malbec es un vino tinto argentino producido por la Bodega Luigi Bosca en la regi\u00f3n de Mendoza. Se destaca por ser una opci\u00f3n accesible y de gran calidad que refleja el car\u00e1cter frutal y suave de la variedad malbec. Es un vino ideal para el consumo diario y para acompa\u00f1ar comidas informales.<\/p>","protected":false},"featured_media":1752,"template":"","meta":{"_gspb_post_css":"","_joinchat":[]},"product_brand":[],"product_cat":[121],"product_tag":[],"class_list":{"0":"post-1750","1":"product","2":"type-product","3":"status-publish","4":"has-post-thumbnail","6":"product_cat-familia-arizu","8":"first","9":"onbackorder","10":"shipping-taxable","11":"purchasable","12":"product-type-simple"},"supplier_id":1751,"supplier_sku":"","barcode":null,"atum_controlled":true,"out_stock_date":null,"out_stock_threshold":null,"inheritable":false,"inbound_stock":null,"stock_on_hold":0,"sold_today":0,"sales_last_days":0,"reserved_stock":null,"customer_returns":null,"warehouse_damage":null,"lost_in_post":null,"other_logs":null,"out_stock_days":0,"lost_sales":0,"has_location":null,"update_date":"2026-05-09T03:42:17","atum_locations":[],"atum_stock_status":"onbackorder","restock_status":false,"low_stock_amount":"","sales_update_date":"2026-05-09T03:42:17","calc_backorders":0,"_links":{"self":[{"href":"https:\/\/www.poke.com.ar\/en\/wp-json\/wp\/v2\/product\/1750","targetHints":{"allow":["GET"]}}],"collection":[{"href":"https:\/\/www.poke.com.ar\/en\/wp-json\/wp\/v2\/product"}],"about":[{"href":"https:\/\/www.poke.com.ar\/en\/wp-json\/wp\/v2\/types\/product"}],"wp:featuredmedia":[{"embeddable":true,"href":"https:\/\/www.poke.com.ar\/en\/wp-json\/wp\/v2\/media\/1752"}],"wp:attachment":[{"href":"https:\/\/www.poke.com.ar\/en\/wp-json\/wp\/v2\/media?parent=1750"}],"wp:term":[{"taxonomy":"product_brand","embeddable":true,"href":"https:\/\/www.poke.com.ar\/en\/wp-json\/wp\/v2\/product_brand?post=1750"},{"taxonomy":"product_cat","embeddable":true,"href":"https:\/\/www.poke.com.ar\/en\/wp-json\/wp\/v2\/product_cat?post=1750"},{"taxonomy":"product_tag","embeddable":true,"href":"https:\/\/www.poke.com.ar\/en\/wp-json\/wp\/v2\/product_tag?post=1750"}],"curies":[{"name":"wp","href":"https:\/\/api.w.org\/{rel}","templated":true}]}}