{"id":1701,"date":"2026-05-06T20:31:22","date_gmt":"2026-05-06T20:31:22","guid":{"rendered":"http:\/\/poke.com.arREMOTE_TARGET\/tienda\/luigi-bosca-malbec\/"},"modified":"2026-05-06T20:43:37","modified_gmt":"2026-05-06T20:43:37","slug":"luigi-bosca-malbec","status":"publish","type":"product","link":"https:\/\/www.poke.com.ar\/en\/tienda\/luigi-bosca-malbec\/","title":{"rendered":"Luigi Bosca Malbec"},"content":{"rendered":"<p>En boca es amplio, fluido y de buena expresi\u00f3n, con taninos dulces y muy buen car\u00e1cter frutal. Paladar franco, de cuerpo firme y con su crianza en barricas de roble totalmente integrada. Final profundo, largo y n\u00edtido. Es ideal para disfrutar con carnes rojas a la parrilla como entra\u00f1a con pur\u00e9, o bien ojo de bife con papas r\u00fasticas al romero.<\/p>","protected":false},"excerpt":{"rendered":"<p>Luigi Bosca Malbec es un tinto de color rojo viol\u00e1ceo brillante. Sus aromas son intensos y amables, de gran tipicidad varietal, con notas que recuerdan a frutas rojas, y tonos algo florales y especiados muy equilibrados.<\/p>","protected":false},"featured_media":1704,"template":"","meta":{"_gspb_post_css":"","_joinchat":[]},"product_brand":[],"product_cat":[121],"product_tag":[],"class_list":{"0":"post-1701","1":"product","2":"type-product","3":"status-publish","4":"has-post-thumbnail","6":"product_cat-familia-arizu","8":"first","9":"onbackorder","10":"shipping-taxable","11":"purchasable","12":"product-type-simple"},"supplier_id":1726,"supplier_sku":"","barcode":null,"atum_controlled":true,"out_stock_date":null,"out_stock_threshold":null,"inheritable":false,"inbound_stock":0,"stock_on_hold":0,"sold_today":0,"sales_last_days":0,"reserved_stock":0,"customer_returns":0,"warehouse_damage":0,"lost_in_post":0,"other_logs":0,"out_stock_days":0,"lost_sales":0,"has_location":false,"update_date":"2026-05-09T03:42:19","atum_locations":[],"atum_stock_status":"onbackorder","restock_status":false,"low_stock_amount":"","sales_update_date":"2026-05-09T03:42:19","calc_backorders":0,"_links":{"self":[{"href":"https:\/\/www.poke.com.ar\/en\/wp-json\/wp\/v2\/product\/1701","targetHints":{"allow":["GET"]}}],"collection":[{"href":"https:\/\/www.poke.com.ar\/en\/wp-json\/wp\/v2\/product"}],"about":[{"href":"https:\/\/www.poke.com.ar\/en\/wp-json\/wp\/v2\/types\/product"}],"wp:featuredmedia":[{"embeddable":true,"href":"https:\/\/www.poke.com.ar\/en\/wp-json\/wp\/v2\/media\/1704"}],"wp:attachment":[{"href":"https:\/\/www.poke.com.ar\/en\/wp-json\/wp\/v2\/media?parent=1701"}],"wp:term":[{"taxonomy":"product_brand","embeddable":true,"href":"https:\/\/www.poke.com.ar\/en\/wp-json\/wp\/v2\/product_brand?post=1701"},{"taxonomy":"product_cat","embeddable":true,"href":"https:\/\/www.poke.com.ar\/en\/wp-json\/wp\/v2\/product_cat?post=1701"},{"taxonomy":"product_tag","embeddable":true,"href":"https:\/\/www.poke.com.ar\/en\/wp-json\/wp\/v2\/product_tag?post=1701"}],"curies":[{"name":"wp","href":"https:\/\/api.w.org\/{rel}","templated":true}]}}