{"id":1698,"date":"2026-05-06T20:30:59","date_gmt":"2026-05-06T20:30:59","guid":{"rendered":"http:\/\/poke.com.arREMOTE_TARGET\/tienda\/dv-catena-cabernet-malbec\/"},"modified":"2026-05-06T20:43:18","modified_gmt":"2026-05-06T20:43:18","slug":"dv-catena-cabernet-malbec","status":"publish","type":"product","link":"https:\/\/www.poke.com.ar\/en\/tienda\/dv-catena-cabernet-malbec\/","title":{"rendered":"DV Catena Cabernet Malbec"},"content":{"rendered":"<p>A la nariz, intenso y concentrado, presenta notas de especias aportadas por el Cabernet Sauvignon del vi\u00f1edo La Pir\u00e1mide, y notas de moras maduras y ciruelas, caracter\u00edsticas del Malbec del vi\u00f1edo Ang\u00e9lica, acompa\u00f1adas por vainilla, tabaco y licor aportadas por la crianza en roble. En boca, de impacto dulce y gran complejidad, con taninos integrados y redondos, de final largo y persistente. Ideal para acompa\u00f1ar carnes de caza, como el ciervo y el jabal\u00ed.<\/p>","protected":false},"excerpt":{"rendered":"<p>El DV Catena Cabernet-Malbec es un vino tinto argentino, elegante y complejo, de color rojo rub\u00ed con reflejos violetas elaborado por la bodega Catena Zapata. Es un blend o corte de uvas Cabernet Sauvignon y Malbec provenientes de vi\u00f1edos de gran altura ubicados en la provincia de Mendoza.<\/p>","protected":false},"featured_media":1700,"template":"","meta":{"_gspb_post_css":"","_joinchat":[]},"product_brand":[],"product_cat":[118],"product_tag":[],"class_list":{"0":"post-1698","1":"product","2":"type-product","3":"status-publish","4":"has-post-thumbnail","6":"product_cat-catena-zapata","8":"first","9":"onbackorder","10":"shipping-taxable","11":"purchasable","12":"product-type-simple"},"supplier_id":1725,"supplier_sku":"","barcode":null,"atum_controlled":true,"out_stock_date":null,"out_stock_threshold":null,"inheritable":false,"inbound_stock":0,"stock_on_hold":0,"sold_today":0,"sales_last_days":0,"reserved_stock":0,"customer_returns":0,"warehouse_damage":0,"lost_in_post":0,"other_logs":0,"out_stock_days":0,"lost_sales":0,"has_location":false,"update_date":"2026-05-09T03:42:19","atum_locations":[],"atum_stock_status":"onbackorder","restock_status":false,"low_stock_amount":"","sales_update_date":"2026-05-09T03:42:19","calc_backorders":0,"_links":{"self":[{"href":"https:\/\/www.poke.com.ar\/en\/wp-json\/wp\/v2\/product\/1698","targetHints":{"allow":["GET"]}}],"collection":[{"href":"https:\/\/www.poke.com.ar\/en\/wp-json\/wp\/v2\/product"}],"about":[{"href":"https:\/\/www.poke.com.ar\/en\/wp-json\/wp\/v2\/types\/product"}],"wp:featuredmedia":[{"embeddable":true,"href":"https:\/\/www.poke.com.ar\/en\/wp-json\/wp\/v2\/media\/1700"}],"wp:attachment":[{"href":"https:\/\/www.poke.com.ar\/en\/wp-json\/wp\/v2\/media?parent=1698"}],"wp:term":[{"taxonomy":"product_brand","embeddable":true,"href":"https:\/\/www.poke.com.ar\/en\/wp-json\/wp\/v2\/product_brand?post=1698"},{"taxonomy":"product_cat","embeddable":true,"href":"https:\/\/www.poke.com.ar\/en\/wp-json\/wp\/v2\/product_cat?post=1698"},{"taxonomy":"product_tag","embeddable":true,"href":"https:\/\/www.poke.com.ar\/en\/wp-json\/wp\/v2\/product_tag?post=1698"}],"curies":[{"name":"wp","href":"https:\/\/api.w.org\/{rel}","templated":true}]}}