{"id":1690,"date":"2026-05-06T20:26:45","date_gmt":"2026-05-06T20:26:45","guid":{"rendered":"http:\/\/poke.com.arREMOTE_TARGET\/tienda\/dv-catena-malbec-malbec\/"},"modified":"2026-05-06T20:42:56","modified_gmt":"2026-05-06T20:42:56","slug":"dv-catena-malbec-malbec","status":"publish","type":"product","link":"https:\/\/www.poke.com.ar\/en\/tienda\/dv-catena-malbec-malbec\/","title":{"rendered":"DV Catena Malbec Malbec"},"content":{"rendered":"<p>Este vino presenta un color rojo intenso con matices viol\u00e1ceos. En nariz, ofrece un bouquet de frutos rojos y negros maduros como ciruela y mora, complementado con notas especiadas de pimienta negra y clavo, toques florales delicados, chocolate y un sutil aroma a vainilla y roble. En boca, es suave y voluminoso, con taninos firmes y una acidez equilibrada que conducen a un final largo y persistente.<\/p>","protected":false},"excerpt":{"rendered":"<p>El DV Catena Malbec-Malbec es un vino tinto 100% Malbec de Bodega Catena Zapata. Es una mezcla de uvas Malbec procedentes de dos vi\u00f1edos ic\u00f3nicos: el Vi\u00f1edo Ang\u00e9lica en Lunlunta, que aporta aromas a ciruela madura, suavidad y volumen en boca, y el Vi\u00f1edo La Pir\u00e1mide en Agrelo, que contribuye con notas de frutos negros y especias como pimienta negra y clavo.<\/p>","protected":false},"featured_media":1692,"template":"","meta":{"_gspb_post_css":"","_joinchat":[]},"product_brand":[],"product_cat":[118],"product_tag":[],"class_list":{"0":"post-1690","1":"product","2":"type-product","3":"status-publish","4":"has-post-thumbnail","6":"product_cat-catena-zapata","8":"first","9":"onbackorder","10":"shipping-taxable","11":"purchasable","12":"product-type-simple"},"supplier_id":1724,"supplier_sku":"","barcode":null,"atum_controlled":true,"out_stock_date":null,"out_stock_threshold":null,"inheritable":false,"inbound_stock":0,"stock_on_hold":0,"sold_today":0,"sales_last_days":0,"reserved_stock":0,"customer_returns":0,"warehouse_damage":0,"lost_in_post":0,"other_logs":0,"out_stock_days":0,"lost_sales":0,"has_location":false,"update_date":"2026-05-09T03:42:19","atum_locations":[],"atum_stock_status":"onbackorder","restock_status":false,"low_stock_amount":"","sales_update_date":"2026-05-09T03:42:19","calc_backorders":0,"_links":{"self":[{"href":"https:\/\/www.poke.com.ar\/en\/wp-json\/wp\/v2\/product\/1690","targetHints":{"allow":["GET"]}}],"collection":[{"href":"https:\/\/www.poke.com.ar\/en\/wp-json\/wp\/v2\/product"}],"about":[{"href":"https:\/\/www.poke.com.ar\/en\/wp-json\/wp\/v2\/types\/product"}],"wp:featuredmedia":[{"embeddable":true,"href":"https:\/\/www.poke.com.ar\/en\/wp-json\/wp\/v2\/media\/1692"}],"wp:attachment":[{"href":"https:\/\/www.poke.com.ar\/en\/wp-json\/wp\/v2\/media?parent=1690"}],"wp:term":[{"taxonomy":"product_brand","embeddable":true,"href":"https:\/\/www.poke.com.ar\/en\/wp-json\/wp\/v2\/product_brand?post=1690"},{"taxonomy":"product_cat","embeddable":true,"href":"https:\/\/www.poke.com.ar\/en\/wp-json\/wp\/v2\/product_cat?post=1690"},{"taxonomy":"product_tag","embeddable":true,"href":"https:\/\/www.poke.com.ar\/en\/wp-json\/wp\/v2\/product_tag?post=1690"}],"curies":[{"name":"wp","href":"https:\/\/api.w.org\/{rel}","templated":true}]}}