{"id":1674,"date":"2026-05-06T20:22:28","date_gmt":"2026-05-06T20:22:28","guid":{"rendered":"http:\/\/poke.com.arREMOTE_TARGET\/tienda\/angelica-zapata-cabernet-franc\/"},"modified":"2026-05-06T20:41:38","modified_gmt":"2026-05-06T20:41:38","slug":"angelica-zapata-cabernet-franc","status":"publish","type":"product","link":"https:\/\/www.poke.com.ar\/en\/tienda\/angelica-zapata-cabernet-franc\/","title":{"rendered":"Angelica Zapata Cabernet Franc"},"content":{"rendered":"<p>Presenta un color rojo rub\u00ed oscuro con ligeros matices viol\u00e1ceos. Es intenso y concentrado, con notas de grosellas rojas maduras (cassis) y toques de vainilla. Tambi\u00e9n se perciben especias dulces como pimienta negra y clavo de olor. Ofrece un ataque dulce y aterciopelado, con una excelente estructura. Se aprecian frutos rojos maduros concentrados, con marcados dejos a eucalipto y pimienta negra. Su final es elegante y bien equilibrado, con un final largo, persistente y bien estructurado.<\/p>","protected":false},"excerpt":{"rendered":"<p>El Angelica Zapata Cabernet Franc de Catena Zapata es un vino de alta gama, elaborado con uvas seleccionadas de vi\u00f1edos de altura en Mendoza, Argentina. Es un vino complejo y estructurado, ideal para maridar con carnes rojas y quesos curados.<\/p>","protected":false},"featured_media":1666,"template":"","meta":{"_gspb_post_css":"","_joinchat":[]},"product_brand":[],"product_cat":[118],"product_tag":[],"class_list":{"0":"post-1674","1":"product","2":"type-product","3":"status-publish","4":"has-post-thumbnail","6":"product_cat-catena-zapata","8":"first","9":"onbackorder","10":"shipping-taxable","11":"purchasable","12":"product-type-simple"},"supplier_id":1720,"supplier_sku":"","barcode":null,"atum_controlled":true,"out_stock_date":null,"out_stock_threshold":null,"inheritable":false,"inbound_stock":0,"stock_on_hold":0,"sold_today":0,"sales_last_days":0,"reserved_stock":0,"customer_returns":0,"warehouse_damage":0,"lost_in_post":0,"other_logs":0,"out_stock_days":0,"lost_sales":0,"has_location":false,"update_date":"2026-05-09T03:42:19","atum_locations":[],"atum_stock_status":"onbackorder","restock_status":false,"low_stock_amount":"","sales_update_date":"2026-05-09T03:42:19","calc_backorders":0,"_links":{"self":[{"href":"https:\/\/www.poke.com.ar\/en\/wp-json\/wp\/v2\/product\/1674","targetHints":{"allow":["GET"]}}],"collection":[{"href":"https:\/\/www.poke.com.ar\/en\/wp-json\/wp\/v2\/product"}],"about":[{"href":"https:\/\/www.poke.com.ar\/en\/wp-json\/wp\/v2\/types\/product"}],"wp:featuredmedia":[{"embeddable":true,"href":"https:\/\/www.poke.com.ar\/en\/wp-json\/wp\/v2\/media\/1666"}],"wp:attachment":[{"href":"https:\/\/www.poke.com.ar\/en\/wp-json\/wp\/v2\/media?parent=1674"}],"wp:term":[{"taxonomy":"product_brand","embeddable":true,"href":"https:\/\/www.poke.com.ar\/en\/wp-json\/wp\/v2\/product_brand?post=1674"},{"taxonomy":"product_cat","embeddable":true,"href":"https:\/\/www.poke.com.ar\/en\/wp-json\/wp\/v2\/product_cat?post=1674"},{"taxonomy":"product_tag","embeddable":true,"href":"https:\/\/www.poke.com.ar\/en\/wp-json\/wp\/v2\/product_tag?post=1674"}],"curies":[{"name":"wp","href":"https:\/\/api.w.org\/{rel}","templated":true}]}}