{"id":3267,"date":"2026-05-13T16:01:26","date_gmt":"2026-05-13T19:01:26","guid":{"rendered":"http:\/\/localhost:8082\/arrepentimiento\/"},"modified":"2026-05-13T16:02:59","modified_gmt":"2026-05-13T19:02:59","slug":"arrepentimiento","status":"publish","type":"page","link":"https:\/\/www.poke.com.ar\/en\/arrepentimiento\/","title":{"rendered":"Bot\u00f3n de Arrepentimiento"},"content":{"rendered":"<h3>Formulario de Revocaci\u00f3n de Aceptaci\u00f3n<\/h3>\n<p>Si te arrepent\u00eds de tu compra, pod\u00e9s solicitar la devoluci\u00f3n total del dinero dentro de los 10 d\u00edas corridos.<\/p>\n<p><strong>Condiciones:<\/strong><\/p>\n<ul>\n<li>El producto debe estar cerrado e intacto.<\/li>\n<li>No se aceptan devoluciones de botellas abiertas.<\/li>\n<\/ul>\n\n<div class=\"wpcf7 no-js\" id=\"wpcf7-f3268-o1\" lang=\"\" dir=\"ltr\" data-wpcf7-id=\"3268\">\n<div class=\"screen-reader-response\"><p role=\"status\" aria-live=\"polite\" aria-atomic=\"true\"><\/p> <ul><\/ul><\/div>\n<form action=\"\/en\/wp-json\/wp\/v2\/pages\/3267#wpcf7-f3268-o1\" method=\"post\" class=\"wpcf7-form init\" aria-label=\"Contact form\" novalidate=\"novalidate\" data-status=\"init\" data-trp-original-action=\"\/en\/wp-json\/wp\/v2\/pages\/3267#wpcf7-f3268-o1\">\n<fieldset class=\"hidden-fields-container\"><input type=\"hidden\" name=\"_wpcf7\" value=\"3268\" \/><input type=\"hidden\" name=\"_wpcf7_version\" value=\"6.1.5\" \/><input type=\"hidden\" name=\"_wpcf7_locale\" value=\"\" \/><input type=\"hidden\" name=\"_wpcf7_unit_tag\" value=\"wpcf7-f3268-o1\" \/><input type=\"hidden\" name=\"_wpcf7_container_post\" value=\"0\" \/><input type=\"hidden\" name=\"_wpcf7_posted_data_hash\" value=\"\" \/>\n<\/fieldset>\n<div class=\"amber-form-group\">\n\t<p><label>N\u00famero de Pedido<\/label><span class=\"wpcf7-form-control-wrap\" data-name=\"order-number\"><input size=\"40\" maxlength=\"400\" class=\"wpcf7-form-control wpcf7-text wpcf7-validates-as-required\" aria-required=\"true\" aria-invalid=\"false\" placeholder=\"Ej: 12345\" value=\"\" type=\"text\" name=\"order-number\" \/><\/span>\n\t<\/p>\n<\/div>\n<div class=\"amber-form-group\">\n\t<p><label>Fecha de la Compra<\/label><span class=\"wpcf7-form-control-wrap\" data-name=\"purchase-date\"><input class=\"wpcf7-form-control wpcf7-date wpcf7-validates-as-required wpcf7-validates-as-date\" aria-required=\"true\" aria-invalid=\"false\" value=\"\" type=\"date\" name=\"purchase-date\" \/><\/span>\n\t<\/p>\n<\/div>\n<div class=\"amber-form-group\">\n\t<p><label>Nombre y Apellido<\/label><span class=\"wpcf7-form-control-wrap\" data-name=\"your-name\"><input size=\"40\" maxlength=\"400\" class=\"wpcf7-form-control wpcf7-text wpcf7-validates-as-required\" aria-required=\"true\" aria-invalid=\"false\" placeholder=\"Tu nombre completo\" value=\"\" type=\"text\" name=\"your-name\" \/><\/span>\n\t<\/p>\n<\/div>\n<div class=\"amber-form-group\">\n\t<p><label>Correo Electr\u00f3nico<\/label><span class=\"wpcf7-form-control-wrap\" data-name=\"your-email\"><input size=\"40\" maxlength=\"400\" class=\"wpcf7-form-control wpcf7-email wpcf7-validates-as-required wpcf7-text wpcf7-validates-as-email\" aria-required=\"true\" aria-invalid=\"false\" placeholder=\"ejemplo@correo.com\" value=\"\" type=\"email\" name=\"your-email\" \/><\/span>\n\t<\/p>\n<\/div>\n<div class=\"amber-form-group\">\n\t<p><label>Motivo (Opcional)<\/label><span class=\"wpcf7-form-control-wrap\" data-name=\"reason\"><textarea cols=\"40\" rows=\"10\" maxlength=\"2000\" class=\"wpcf7-form-control wpcf7-textarea\" aria-invalid=\"false\" placeholder=\"Danos una breve descripci\u00f3n\" name=\"reason\"><\/textarea><\/span>\n\t<\/p>\n<\/div>\n<p><input class=\"wpcf7-form-control wpcf7-submit has-spinner\" type=\"submit\" value=\"Confirmar Arrepentimiento\" \/>\n<\/p><div class=\"wpcf7-response-output\" aria-hidden=\"true\"><\/div>\n<input type=\"hidden\" name=\"trp-form-language\" value=\"en\"\/><\/form>\n<\/div>\n\n<p><small>Al hacer clic en confirmar, recibir\u00e1s de forma inmediata un c\u00f3digo de identificaci\u00f3n de tr\u00e1mite en tu correo electr\u00f3nico. Nos pondremos en contacto dentro de las pr\u00f3ximas 24 horas h\u00e1biles.<\/small><\/p>","protected":false},"excerpt":{"rendered":"<p>Formulario de Revocaci\u00f3n de Aceptaci\u00f3n Si te arrepent\u00eds de tu compra, pod\u00e9s solicitar la devoluci\u00f3n total del dinero dentro de los 10 d\u00edas corridos. Condiciones: El producto debe estar cerrado e intacto. No se aceptan devoluciones de botellas abiertas. Al hacer clic en confirmar, recibir\u00e1s de forma inmediata un c\u00f3digo de identificaci\u00f3n de tr\u00e1mite en [&hellip;]<\/p>\n","protected":false},"author":0,"featured_media":0,"parent":0,"menu_order":0,"comment_status":"closed","ping_status":"closed","template":"","meta":{"_gspb_post_css":"","_joinchat":[],"footnotes":""},"class_list":["post-3267","page","type-page","status-publish","hentry"],"blocksy_meta":[],"_links":{"self":[{"href":"https:\/\/www.poke.com.ar\/en\/wp-json\/wp\/v2\/pages\/3267","targetHints":{"allow":["GET"]}}],"collection":[{"href":"https:\/\/www.poke.com.ar\/en\/wp-json\/wp\/v2\/pages"}],"about":[{"href":"https:\/\/www.poke.com.ar\/en\/wp-json\/wp\/v2\/types\/page"}],"replies":[{"embeddable":true,"href":"https:\/\/www.poke.com.ar\/en\/wp-json\/wp\/v2\/comments?post=3267"}],"version-history":[{"count":1,"href":"https:\/\/www.poke.com.ar\/en\/wp-json\/wp\/v2\/pages\/3267\/revisions"}],"predecessor-version":[{"id":3269,"href":"https:\/\/www.poke.com.ar\/en\/wp-json\/wp\/v2\/pages\/3267\/revisions\/3269"}],"wp:attachment":[{"href":"https:\/\/www.poke.com.ar\/en\/wp-json\/wp\/v2\/media?parent=3267"}],"curies":[{"name":"wp","href":"https:\/\/api.w.org\/{rel}","templated":true}]}}