{"id":3266,"date":"2026-05-13T16:01:21","date_gmt":"2026-05-13T19:01:21","guid":{"rendered":"http:\/\/localhost:8082\/terminos-y-condiciones\/"},"modified":"2026-05-13T16:01:21","modified_gmt":"2026-05-13T19:01:21","slug":"terminos-y-condiciones","status":"publish","type":"page","link":"https:\/\/www.poke.com.ar\/en\/terminos-y-condiciones\/","title":{"rendered":"T\u00e9rminos y Condiciones"},"content":{"rendered":"<h3>Aceptaci\u00f3n de los T\u00e9rminos<\/h3>\n<p>Al utilizar este sitio, acept\u00e1s cumplir con los t\u00e9rminos aqu\u00ed descritos. El acceso est\u00e1 estrictamente prohibido a personas menores de 18 a\u00f1os.<\/p>\n<h3>Venta de Bebidas Alcoh\u00f3licas<\/h3>\n<p>De acuerdo con la Ley Nacional 24.788, queda prohibida la venta a menores de 18 a\u00f1os. P\u00f3ke solicita el DNI al momento de la entrega.<\/p>\n<h3>Precios y Stock<\/h3>\n<p>Todos los precios incluyen IVA. Nos reservamos el derecho de cancelar pedidos por errores de precio o falta de stock.<\/p>\n<h3>Env\u00edos y Entregas<\/h3>\n<p>Es responsabilidad del cliente proveer una direcci\u00f3n exacta y asegurar que haya un mayor de edad para recibir.<\/p>\n<p><strong>Consumo Responsable<\/strong><br \/>Beber con moderaci\u00f3n. Prohibida su venta a menores de 18 a\u00f1os.<\/p>","protected":false},"excerpt":{"rendered":"<p>Aceptaci\u00f3n de los T\u00e9rminos Al utilizar este sitio, acept\u00e1s cumplir con los t\u00e9rminos aqu\u00ed descritos. El acceso est\u00e1 estrictamente prohibido a personas menores de 18 a\u00f1os. Venta de Bebidas Alcoh\u00f3licas De acuerdo con la Ley Nacional 24.788, queda prohibida la venta a menores de 18 a\u00f1os. P\u00f3ke solicita el DNI al momento de la entrega. [&hellip;]<\/p>\n","protected":false},"author":0,"featured_media":0,"parent":0,"menu_order":0,"comment_status":"closed","ping_status":"closed","template":"","meta":{"_gspb_post_css":"","_joinchat":[],"footnotes":""},"class_list":["post-3266","page","type-page","status-publish","hentry"],"blocksy_meta":[],"_links":{"self":[{"href":"https:\/\/www.poke.com.ar\/en\/wp-json\/wp\/v2\/pages\/3266","targetHints":{"allow":["GET"]}}],"collection":[{"href":"https:\/\/www.poke.com.ar\/en\/wp-json\/wp\/v2\/pages"}],"about":[{"href":"https:\/\/www.poke.com.ar\/en\/wp-json\/wp\/v2\/types\/page"}],"replies":[{"embeddable":true,"href":"https:\/\/www.poke.com.ar\/en\/wp-json\/wp\/v2\/comments?post=3266"}],"version-history":[{"count":0,"href":"https:\/\/www.poke.com.ar\/en\/wp-json\/wp\/v2\/pages\/3266\/revisions"}],"wp:attachment":[{"href":"https:\/\/www.poke.com.ar\/en\/wp-json\/wp\/v2\/media?parent=3266"}],"curies":[{"name":"wp","href":"https:\/\/api.w.org\/{rel}","templated":true}]}}